{"id":8,"date":"2024-05-06T15:38:49","date_gmt":"2024-05-06T13:38:49","guid":{"rendered":"http:\/\/km5biere.com\/?page_id=8"},"modified":"2025-11-19T16:50:37","modified_gmt":"2025-11-19T15:50:37","slug":"brasserie","status":"publish","type":"page","link":"https:\/\/km5biere.com\/","title":{"rendered":"Brasserie"},"content":{"rendered":"\t\t<div data-elementor-type=\"wp-page\" data-elementor-id=\"8\" class=\"elementor elementor-8\">\n\t\t\t\t<div class=\"elementor-element elementor-element-ca1d83f e-con-full e-flex e-con e-parent\" data-id=\"ca1d83f\" data-element_type=\"container\">\n\t\t\t\t<div class=\"elementor-element elementor-element-441f513 elementor-widget elementor-widget-image\" data-id=\"441f513\" data-element_type=\"widget\" data-widget_type=\"image.default\">\n\t\t\t\t<div class=\"elementor-widget-container\">\n\t\t\t\t\t\t\t\t\t\t\t\t\t\t\t<img fetchpriority=\"high\" decoding=\"async\" width=\"2560\" height=\"1703\" src=\"https:\/\/km5biere.com\/wp-content\/uploads\/2024\/05\/DSC_2896-scaled.jpg\" class=\"attachment-full size-full wp-image-53\" alt=\"bi\u00e8re artisanale en bouteilles ou f\u00fbts\" srcset=\"https:\/\/km5biere.com\/wp-content\/uploads\/2024\/05\/DSC_2896-scaled.jpg 2560w, https:\/\/km5biere.com\/wp-content\/uploads\/2024\/05\/DSC_2896-300x200.jpg 300w, https:\/\/km5biere.com\/wp-content\/uploads\/2024\/05\/DSC_2896-1024x681.jpg 1024w, https:\/\/km5biere.com\/wp-content\/uploads\/2024\/05\/DSC_2896-2000x1331.jpg 2000w, https:\/\/km5biere.com\/wp-content\/uploads\/2024\/05\/DSC_2896-scaled-1536x1022.jpg 1536w, https:\/\/km5biere.com\/wp-content\/uploads\/2024\/05\/DSC_2896-scaled-2048x1362.jpg 2048w, https:\/\/km5biere.com\/wp-content\/uploads\/2024\/05\/DSC_2896-scaled-600x399.jpg 600w\" sizes=\"100vw\" \/>\t\t\t\t\t\t\t\t\t\t\t\t\t\t\t<\/div>\n\t\t\t\t<\/div>\n\t\t\t\t<\/div>\n\t\t<div class=\"elementor-element elementor-element-81c217d e-flex e-con-boxed e-con e-parent\" data-id=\"81c217d\" data-element_type=\"container\">\n\t\t\t\t\t<div class=\"e-con-inner\">\n\t\t\t\t<div class=\"elementor-element elementor-element-6d638eb elementor-widget elementor-widget-text-editor\" data-id=\"6d638eb\" data-element_type=\"widget\" data-widget_type=\"text-editor.default\">\n\t\t\t\t<div class=\"elementor-widget-container\">\n\t\t\t\t\t\t\t\t\t<p>Un jour, un ami nous a dit : r\u00eavez votre vie et vivez vos r\u00eaves !!\u00a0<\/p><p>Depuis 2016 la Brasserie KM5 a ouvert ses portes avec l&#8217;objectif de continuer \u00e0 rire et aimer ce que nous faisons, comme quand c&#8217;\u00e9tait juste un r\u00eave&#8230; \u00a0<\/p>\t\t\t\t\t\t\t\t<\/div>\n\t\t\t\t<\/div>\n\t\t\t\t<div class=\"elementor-element elementor-element-dda183a elementor-button-info elementor-widget elementor-widget-button\" data-id=\"dda183a\" data-element_type=\"widget\" data-widget_type=\"button.default\">\n\t\t\t\t<div class=\"elementor-widget-container\">\n\t\t\t\t\t\t\t\t\t<div class=\"elementor-button-wrapper\">\n\t\t\t\t\t<a class=\"elementor-button elementor-button-link elementor-size-sm\" href=\"#\">\n\t\t\t\t\t\t<span class=\"elementor-button-content-wrapper\">\n\t\t\t\t\t\t\t\t\t<span class=\"elementor-button-text\">L'HISTOIRE COMPL\u00c8TE<\/span>\n\t\t\t\t\t<\/span>\n\t\t\t\t\t<\/a>\n\t\t\t\t<\/div>\n\t\t\t\t\t\t\t\t<\/div>\n\t\t\t\t<\/div>\n\t\t\t\t<div class=\"elementor-element elementor-element-9bb643b elementor-widget elementor-widget-spacer\" data-id=\"9bb643b\" data-element_type=\"widget\" data-widget_type=\"spacer.default\">\n\t\t\t\t<div class=\"elementor-widget-container\">\n\t\t\t\t\t\t\t<div class=\"elementor-spacer\">\n\t\t\t<div class=\"elementor-spacer-inner\"><\/div>\n\t\t<\/div>\n\t\t\t\t\t\t<\/div>\n\t\t\t\t<\/div>\n\t\t\t\t<div class=\"elementor-element elementor-element-e3e5535 elementor-widget elementor-widget-heading\" data-id=\"e3e5535\" data-element_type=\"widget\" data-widget_type=\"heading.default\">\n\t\t\t\t<div class=\"elementor-widget-container\">\n\t\t\t\t\t<h2 class=\"elementor-heading-title elementor-size-default\">\u00c0 la brasserie <\/h2>\t\t\t\t<\/div>\n\t\t\t\t<\/div>\n\t\t\t\t\t<\/div>\n\t\t\t\t<\/div>\n\t\t<div class=\"elementor-element elementor-element-145d061 e-grid e-con-boxed e-con e-parent\" data-id=\"145d061\" data-element_type=\"container\">\n\t\t\t\t\t<div class=\"e-con-inner\">\n\t\t\t\t<div class=\"elementor-element elementor-element-6b3d482 elementor-position-top elementor-widget elementor-widget-image-box\" data-id=\"6b3d482\" data-element_type=\"widget\" data-widget_type=\"image-box.default\">\n\t\t\t\t<div class=\"elementor-widget-container\">\n\t\t\t\t\t<div class=\"elementor-image-box-wrapper\"><figure class=\"elementor-image-box-img\"><a href=\"http:\/\/km5biere.com\/index.php\/bieres\/\" tabindex=\"-1\"><img decoding=\"async\" width=\"950\" height=\"632\" src=\"https:\/\/km5biere.com\/wp-content\/uploads\/2024\/05\/DSC_2903-1024x681.jpg\" class=\"attachment-large size-large wp-image-47\" alt=\"bi\u00e8re artisanale km5\" srcset=\"https:\/\/km5biere.com\/wp-content\/uploads\/2024\/05\/DSC_2903-1024x681.jpg 1024w, https:\/\/km5biere.com\/wp-content\/uploads\/2024\/05\/DSC_2903-300x200.jpg 300w, https:\/\/km5biere.com\/wp-content\/uploads\/2024\/05\/DSC_2903-2000x1331.jpg 2000w, https:\/\/km5biere.com\/wp-content\/uploads\/2024\/05\/DSC_2903-scaled-1536x1022.jpg 1536w, https:\/\/km5biere.com\/wp-content\/uploads\/2024\/05\/DSC_2903-scaled-2048x1362.jpg 2048w, https:\/\/km5biere.com\/wp-content\/uploads\/2024\/05\/DSC_2903-scaled-600x399.jpg 600w\" sizes=\"(max-width: 950px) 100vw, 950px\" \/><\/a><\/figure><div class=\"elementor-image-box-content\"><h3 class=\"elementor-image-box-title\"><a href=\"http:\/\/km5biere.com\/index.php\/bieres\/\">BOUTEILLES<\/a><\/h3><p class=\"elementor-image-box-description\">Nous avons plus de 10 vari\u00e9t\u00e9s de bi\u00e8res. 6 vari\u00e9t\u00e9s permanent et des autres qui nous changeons tous le trois mois...<\/p><\/div><\/div>\t\t\t\t<\/div>\n\t\t\t\t<\/div>\n\t\t\t\t<div class=\"elementor-element elementor-element-536bf1e elementor-position-top elementor-widget elementor-widget-image-box\" data-id=\"536bf1e\" data-element_type=\"widget\" data-widget_type=\"image-box.default\">\n\t\t\t\t<div class=\"elementor-widget-container\">\n\t\t\t\t\t<div class=\"elementor-image-box-wrapper\"><figure class=\"elementor-image-box-img\"><img decoding=\"async\" src=\"https:\/\/km5biere.com\/wp-content\/plugins\/elementor\/assets\/images\/placeholder.png\" title=\"\" alt=\"\" loading=\"lazy\" \/><\/figure><div class=\"elementor-image-box-content\"><h3 class=\"elementor-image-box-title\">F\u00dbTS<\/h3><p class=\"elementor-image-box-description\">On a 5 vari\u00e9t\u00e9s permanentes en f\u00fbts (Golden ale, Honey, IPA, Scotch, Porter) pour fournir les particuliers ainsi que les professionnels. \n\nNous travaillons depuis plusieurs ann\u00e9es avec des festivals, mariages, \u00e9v\u00e8nements gouvernementaux... \n\nNous proposons avec la location de tireuse sa mise en place <\/p><\/div><\/div>\t\t\t\t<\/div>\n\t\t\t\t<\/div>\n\t\t\t\t<div class=\"elementor-element elementor-element-4beaab1 elementor-position-top elementor-widget elementor-widget-image-box\" data-id=\"4beaab1\" data-element_type=\"widget\" data-widget_type=\"image-box.default\">\n\t\t\t\t<div class=\"elementor-widget-container\">\n\t\t\t\t\t<div class=\"elementor-image-box-wrapper\"><figure class=\"elementor-image-box-img\"><a href=\"\" tabindex=\"-1\"><img decoding=\"async\" width=\"2560\" height=\"1703\" src=\"https:\/\/km5biere.com\/wp-content\/uploads\/2024\/07\/DSC_7319-108-scaled.jpg\" class=\"attachment-full size-full wp-image-161\" alt=\"voir une bi\u00e8re artisanale\" srcset=\"https:\/\/km5biere.com\/wp-content\/uploads\/2024\/07\/DSC_7319-108-scaled.jpg 2560w, https:\/\/km5biere.com\/wp-content\/uploads\/2024\/07\/DSC_7319-108-300x200.jpg 300w, https:\/\/km5biere.com\/wp-content\/uploads\/2024\/07\/DSC_7319-108-1024x681.jpg 1024w, https:\/\/km5biere.com\/wp-content\/uploads\/2024\/07\/DSC_7319-108-2000x1331.jpg 2000w, https:\/\/km5biere.com\/wp-content\/uploads\/2024\/07\/DSC_7319-108-scaled-1536x1022.jpg 1536w, https:\/\/km5biere.com\/wp-content\/uploads\/2024\/07\/DSC_7319-108-scaled-2048x1362.jpg 2048w, https:\/\/km5biere.com\/wp-content\/uploads\/2024\/07\/DSC_7319-108-scaled-600x399.jpg 600w\" sizes=\"(max-width: 2560px) 100vw, 2560px\" \/><\/a><\/figure><div class=\"elementor-image-box-content\"><h3 class=\"elementor-image-box-title\"><a href=\"\">SOIR\u00c9ES<\/a><\/h3><p class=\"elementor-image-box-description\">Tous les jeudis et vendredis pendant la saison de mai \u00e0 octobre, nous faisons des After-Work sur la terrasse de la brasserie. Vous y trouverez des concerts, des expo d'arts, des Food trucks et beaucoup beaucoup de bi\u00e8re artisanale.  \n<\/p><\/div><\/div>\t\t\t\t<\/div>\n\t\t\t\t<\/div>\n\t\t\t\t\t<\/div>\n\t\t\t\t<\/div>\n\t\t<div class=\"elementor-element elementor-element-6a01bcb e-flex e-con-boxed e-con e-parent\" data-id=\"6a01bcb\" data-element_type=\"container\">\n\t\t\t\t\t<div class=\"e-con-inner\">\n\t\t\t\t<div class=\"elementor-element elementor-element-3ae07ff elementor-widget elementor-widget-spacer\" data-id=\"3ae07ff\" data-element_type=\"widget\" data-widget_type=\"spacer.default\">\n\t\t\t\t<div class=\"elementor-widget-container\">\n\t\t\t\t\t\t\t<div class=\"elementor-spacer\">\n\t\t\t<div class=\"elementor-spacer-inner\"><\/div>\n\t\t<\/div>\n\t\t\t\t\t\t<\/div>\n\t\t\t\t<\/div>\n\t\t\t\t<div class=\"elementor-element elementor-element-3c45e45 elementor-widget elementor-widget-heading\" data-id=\"3c45e45\" data-element_type=\"widget\" data-widget_type=\"heading.default\">\n\t\t\t\t<div class=\"elementor-widget-container\">\n\t\t\t\t\t<h2 class=\"elementor-heading-title elementor-size-default\">La Team KM5<\/h2>\t\t\t\t<\/div>\n\t\t\t\t<\/div>\n\t\t\t\t\t<\/div>\n\t\t\t\t<\/div>\n\t\t<div class=\"elementor-element elementor-element-53e752f e-grid e-con-full e-con e-parent\" data-id=\"53e752f\" data-element_type=\"container\">\n\t\t\t\t<div class=\"elementor-element elementor-element-c70ebef elementor-position-top elementor-widget elementor-widget-image-box\" data-id=\"c70ebef\" data-element_type=\"widget\" data-widget_type=\"image-box.default\">\n\t\t\t\t<div class=\"elementor-widget-container\">\n\t\t\t\t\t<div class=\"elementor-image-box-wrapper\"><figure class=\"elementor-image-box-img\"><img decoding=\"async\" src=\"https:\/\/km5biere.com\/wp-content\/plugins\/elementor\/assets\/images\/placeholder.png\" title=\"\" alt=\"\" loading=\"lazy\" \/><\/figure><div class=\"elementor-image-box-content\"><h3 class=\"elementor-image-box-title\">MANUEL<\/h3><p class=\"elementor-image-box-description\">Manuel est notre directeur de production. Dynamique, souriant, apportant toujours sa bonne \u00e9nergie et ses solutions pour tout ce qui se passe en coulisses...<\/p><\/div><\/div>\t\t\t\t<\/div>\n\t\t\t\t<\/div>\n\t\t\t\t<div class=\"elementor-element elementor-element-18d6a1b elementor-position-top elementor-widget elementor-widget-image-box\" data-id=\"18d6a1b\" data-element_type=\"widget\" data-widget_type=\"image-box.default\">\n\t\t\t\t<div class=\"elementor-widget-container\">\n\t\t\t\t\t<div class=\"elementor-image-box-wrapper\"><figure class=\"elementor-image-box-img\"><img decoding=\"async\" src=\"https:\/\/km5biere.com\/wp-content\/plugins\/elementor\/assets\/images\/placeholder.png\" title=\"\" alt=\"\" loading=\"lazy\" \/><\/figure><div class=\"elementor-image-box-content\"><h3 class=\"elementor-image-box-title\">PABLO<\/h3><p class=\"elementor-image-box-description\">Notre cher Argentin qui court partout, est l\u00e0 et n'est pas l\u00e0. On voyage avec ses yeux et nous transmet son savoir-faire tel un grand-p\u00e8re \u00e0 ses petits-enfants. Il est le c\u0153ur de notre brasserie. Manager et co-fondateur de KM5, il veille \u00e0 ce que tout fonctionne...\n\nSes yeux nous transmettent et nous font voyager entre son savoir et son savoir faire, <\/p><\/div><\/div>\t\t\t\t<\/div>\n\t\t\t\t<\/div>\n\t\t\t\t<div class=\"elementor-element elementor-element-d6d0fbf elementor-position-top elementor-widget elementor-widget-image-box\" data-id=\"d6d0fbf\" data-element_type=\"widget\" data-widget_type=\"image-box.default\">\n\t\t\t\t<div class=\"elementor-widget-container\">\n\t\t\t\t\t<div class=\"elementor-image-box-wrapper\"><figure class=\"elementor-image-box-img\"><img decoding=\"async\" src=\"https:\/\/km5biere.com\/wp-content\/plugins\/elementor\/assets\/images\/placeholder.png\" title=\"\" alt=\"\" loading=\"lazy\" \/><\/figure><div class=\"elementor-image-box-content\"><h3 class=\"elementor-image-box-title\">JOSEPHINE<\/h3><p class=\"elementor-image-box-description\">Notre belle Jos\u00e9phine s'occupe des visites de la brasserie, du marketing et du commerce. Avec ce sourire qui nous rend amoureux et une \u00e9nergie qui d\u00e9borde, Jos\u00e9phine raconte notre histoire de ville en ville...<\/p><\/div><\/div>\t\t\t\t<\/div>\n\t\t\t\t<\/div>\n\t\t\t\t<\/div>\n\t\t<div class=\"elementor-element elementor-element-b6d95ae e-con-full e-flex e-con e-parent\" data-id=\"b6d95ae\" data-element_type=\"container\">\n\t\t\t\t<div class=\"elementor-element elementor-element-9b0492c elementor-widget elementor-widget-spacer\" data-id=\"9b0492c\" data-element_type=\"widget\" data-widget_type=\"spacer.default\">\n\t\t\t\t<div class=\"elementor-widget-container\">\n\t\t\t\t\t\t\t<div class=\"elementor-spacer\">\n\t\t\t<div class=\"elementor-spacer-inner\"><\/div>\n\t\t<\/div>\n\t\t\t\t\t\t<\/div>\n\t\t\t\t<\/div>\n\t\t\t\t<div class=\"elementor-element elementor-element-b0401d9 elementor-widget elementor-widget-spacer\" data-id=\"b0401d9\" data-element_type=\"widget\" data-widget_type=\"spacer.default\">\n\t\t\t\t<div class=\"elementor-widget-container\">\n\t\t\t\t\t\t\t<div class=\"elementor-spacer\">\n\t\t\t<div class=\"elementor-spacer-inner\"><\/div>\n\t\t<\/div>\n\t\t\t\t\t\t<\/div>\n\t\t\t\t<\/div>\n\t\t\t\t<div class=\"elementor-element elementor-element-089abe3 elementor-widget elementor-widget-image\" data-id=\"089abe3\" data-element_type=\"widget\" data-settings=\"{&quot;_animation&quot;:&quot;none&quot;}\" data-widget_type=\"image.default\">\n\t\t\t\t<div class=\"elementor-widget-container\">\n\t\t\t\t\t\t\t\t\t\t\t\t\t\t\t<img loading=\"lazy\" decoding=\"async\" width=\"950\" height=\"632\" src=\"https:\/\/km5biere.com\/wp-content\/uploads\/2024\/05\/DSC_7167-3-1024x681.jpg\" class=\"attachment-large size-large wp-image-58\" alt=\"\" srcset=\"https:\/\/km5biere.com\/wp-content\/uploads\/2024\/05\/DSC_7167-3-1024x681.jpg 1024w, https:\/\/km5biere.com\/wp-content\/uploads\/2024\/05\/DSC_7167-3-300x200.jpg 300w, https:\/\/km5biere.com\/wp-content\/uploads\/2024\/05\/DSC_7167-3-scaled-1536x1022.jpg 1536w, https:\/\/km5biere.com\/wp-content\/uploads\/2024\/05\/DSC_7167-3-scaled-2048x1362.jpg 2048w, https:\/\/km5biere.com\/wp-content\/uploads\/2024\/05\/DSC_7167-3-scaled-2000x1330.jpg 2000w, https:\/\/km5biere.com\/wp-content\/uploads\/2024\/05\/DSC_7167-3-scaled-600x399.jpg 600w\" sizes=\"100vw\" \/>\t\t\t\t\t\t\t\t\t\t\t\t\t\t\t<\/div>\n\t\t\t\t<\/div>\n\t\t\t\t<\/div>\n\t\t\t\t<\/div>\n\t\t","protected":false},"excerpt":{"rendered":"<p>Un jour, un ami nous a dit : r\u00eavez votre vie et vivez vos r\u00eaves !!\u00a0 Depuis 2016 la Brasserie KM5 a ouvert ses portes avec l&#8217;objectif de continuer \u00e0 rire et aimer ce que nous faisons, comme quand c&#8217;\u00e9tait juste un r\u00eave&#8230; \u00a0 L&#8217;HISTOIRE COMPL\u00c8TE \u00c0 la brasserie BOUTEILLES Nous avons plus de 10 &hellip; <\/p>\n<p class=\"link-more\"><a href=\"https:\/\/km5biere.com\/\" class=\"more-link\">Lire la suite de<span class=\"screen-reader-text\">\u00ab\u00a0Brasserie\u00a0\u00bb<\/span><\/a><\/p>\n","protected":false},"author":1,"featured_media":53,"parent":0,"menu_order":0,"comment_status":"closed","ping_status":"closed","template":"","meta":{"footnotes":""},"class_list":["post-8","page","type-page","status-publish","has-post-thumbnail","hentry"],"_links":{"self":[{"href":"https:\/\/km5biere.com\/index.php\/wp-json\/wp\/v2\/pages\/8","targetHints":{"allow":["GET"]}}],"collection":[{"href":"https:\/\/km5biere.com\/index.php\/wp-json\/wp\/v2\/pages"}],"about":[{"href":"https:\/\/km5biere.com\/index.php\/wp-json\/wp\/v2\/types\/page"}],"author":[{"embeddable":true,"href":"https:\/\/km5biere.com\/index.php\/wp-json\/wp\/v2\/users\/1"}],"replies":[{"embeddable":true,"href":"https:\/\/km5biere.com\/index.php\/wp-json\/wp\/v2\/comments?post=8"}],"version-history":[{"count":76,"href":"https:\/\/km5biere.com\/index.php\/wp-json\/wp\/v2\/pages\/8\/revisions"}],"predecessor-version":[{"id":432,"href":"https:\/\/km5biere.com\/index.php\/wp-json\/wp\/v2\/pages\/8\/revisions\/432"}],"wp:featuredmedia":[{"embeddable":true,"href":"https:\/\/km5biere.com\/index.php\/wp-json\/wp\/v2\/media\/53"}],"wp:attachment":[{"href":"https:\/\/km5biere.com\/index.php\/wp-json\/wp\/v2\/media?parent=8"}],"curies":[{"name":"wp","href":"https:\/\/api.w.org\/{rel}","templated":true}]}}